{"id":596,"date":"2021-07-29T08:29:54","date_gmt":"2021-07-29T08:29:54","guid":{"rendered":"https:\/\/rendatmc.com\/?post_type=product&#038;p=596"},"modified":"2022-11-16T05:56:05","modified_gmt":"2022-11-16T05:56:05","slug":"bag-making-machine","status":"publish","type":"product","link":"https:\/\/rendatmc.com\/index.php\/product\/bag-making-machine\/","title":{"rendered":"Bag Making Machine"},"content":{"rendered":"<h1 style=\"text-align: center;\"><strong><b>Double Layer Four-line Bottom Sealing Bag Making Machine<\/b><\/strong><strong><b>\u00a0<\/b><\/strong><\/h1>\n<h4><strong><b>Model<\/b><\/strong><strong><b> : RD<\/b><\/strong><strong><b>&#8211;<\/b><\/strong><strong><b>10<\/b><\/strong><strong><b>00<\/b><\/strong><\/h4>\n<ul>\n<li>PLCTouch screen<\/li>\n<li>Delta Inverter<\/li>\n<li>Conveyor \u00a05m<\/li>\n<\/ul>\n<p><strong><b>\u00a0<\/b><\/strong><\/p>\n<p><strong><b>SPECIFICATION:<\/b><\/strong><\/p>\n<ul>\n<li>Width (mm):400\u00d74mm 900X2mm<\/li>\n<li>length (mm):1500mm<\/li>\n<li>Photocell: 1<\/li>\n<li>Cutting Thickness (mm):0.009-0.10mm<\/li>\n<li>Bag Output (pcs\/min):5-120pcs\/min\u00d74<\/li>\n<li>Main Power (kw):1.5kw<\/li>\n<li>Feeding Motor:300\u00d74w<\/li>\n<li>Power supply: 60HZ220V 10%-15%<\/li>\n<li>Weight (kg):1200kg<\/li>\n<li>Overall Dimensions (L\u00d7W\u00d7H)(mm): 2800\u00d71800\u00d71600<\/li>\n<\/ul>\n<h4><strong><b>Accessories<\/b><\/strong><\/h4>\n<table>\n<tbody>\n<tr>\n<td width=\"251\">l\u00a01 \u2013use of tools \u00a0\u00a0\u00a0\u00a0\u00a0\u00a0\u00a0\u00a0\u00a0\u00a01 pc<\/td>\n<td width=\"249\">l\u00a05 \u2013 Current meter \u00a0\u00a0\u00a0\u00a0\u00a0\u00a0\u00a0\u00a0\u00a0\u00a0\u00a01 pc<\/td>\n<\/tr>\n<tr>\n<td width=\"251\">l\u00a02 \u2013Instructions \u00a0\u00a0\u00a0\u00a0\u00a0\u00a0\u00a0\u00a0\u00a0\u00a01 pc<\/td>\n<td width=\"249\">l\u00a06 \u2013Voltage meter \u00a0\u00a0\u00a0\u00a0\u00a0\u00a0\u00a0\u00a0\u00a0\u00a0\u00a0\u00a01 pc<\/td>\n<\/tr>\n<tr>\n<td width=\"251\">l\u00a03 \u2013 Electrical schematic \u00a0\u00a01 pc<\/td>\n<td width=\"249\">l\u00a07 \u2013Thermocouple \u00a0\u00a0\u00a0\u00a0\u00a0\u00a0\u00a0\u00a0\u00a0\u00a0\u00a02 pc<\/td>\n<\/tr>\n<tr>\n<td width=\"251\">l\u00a04 \u2013Schematic \u00a0\u00a0\u00a0\u00a0\u00a0\u00a0\u00a0\u00a0\u00a0\u00a01 pc<\/td>\n<td width=\"249\">l\u00a08 \u2013Heater \u00a0\u00a0\u00a0\u00a0\u00a0\u00a0\u00a0\u00a0\u00a0\u00a0\u00a0\u00a0\u00a0\u00a0\u00a0\u00a0\u00a0\u00a02pc<\/td>\n<\/tr>\n<\/tbody>\n<\/table>\n<p><strong><b>\u00a0<\/b><\/strong><\/p>\n<h4><strong><b>MAIN DEVICE:<\/b><\/strong><\/h4>\n<p>a- Material Rack\u00a0(1\u00a0pcs)<\/p>\n<p>b- Feeding Conveyer Device and Feeding Motor<\/p>\n<p>c- Monitoring Photoelectric Eye (Photocell)\u00a0(1 pc)<\/p>\n<p>d- Heat sealing Knife\u00a0(2\u00a0pcs)<\/p>\n<p>e- Correcting Rack of Sealing Mouth Length (Gantry Rack)<\/p>\n<p>f- Material Releasing Rubble Roller<\/p>\n<p>g- Cam Device<\/p>\n<p>h- Upper and Lower Cutting Knife(1\u00a0pc)<\/p>\n<p>&nbsp;<\/p>\n<p><strong><b>STANDARD CONFIGURE LIST<\/b><\/strong><\/p>\n<table>\n<tbody>\n<tr>\n<td width=\"69\">1<\/td>\n<td width=\"217\">Relay<\/td>\n<td width=\"213\">Schneider<\/td>\n<\/tr>\n<tr>\n<td width=\"69\">2<\/td>\n<td width=\"217\">Computer<\/td>\n<td width=\"213\">PLC \u00a0Touch screen\u00a0\uff08hanging type\uff09<\/td>\n<\/tr>\n<tr>\n<td width=\"69\">3<\/td>\n<td width=\"217\">Solid rely<\/td>\n<td width=\"213\">Teshow Taiwan<\/td>\n<\/tr>\n<tr>\n<td width=\"69\">4<\/td>\n<td width=\"217\">Color\u00a0Photocell<\/td>\n<td width=\"213\">SICK Germany<\/td>\n<\/tr>\n<tr>\n<td width=\"69\">5<\/td>\n<td width=\"217\">Transducer<\/td>\n<td width=\"213\">Jingchuan \u00a0Zhejiang<\/td>\n<\/tr>\n<tr>\n<td width=\"69\">6<\/td>\n<td width=\"217\">Temperature Controller<\/td>\n<td width=\"213\">Teshow \u00a0Taiwan<\/td>\n<\/tr>\n<tr>\n<td width=\"69\">7<\/td>\n<td width=\"217\">DC Motor<\/td>\n<td width=\"213\">Duiy \u00a0Zhejiang<\/td>\n<\/tr>\n<tr>\n<td width=\"69\">8<\/td>\n<td width=\"217\">Step\u00a0Motor<\/td>\n<td width=\"213\">ELESY \u00a0zhejiang<\/td>\n<\/tr>\n<tr>\n<td width=\"69\">9<\/td>\n<td width=\"217\">\u53d8\u9891\u5668Frequency converters<\/td>\n<td width=\"213\">Delta<\/td>\n<\/tr>\n<tr>\n<td width=\"69\">10<\/td>\n<td width=\"217\">Mains switch<\/td>\n<td width=\"213\">No<\/td>\n<\/tr>\n<tr>\n<td width=\"69\">11<\/td>\n<td width=\"217\">Button switch<\/td>\n<td width=\"213\">Schneider<\/td>\n<\/tr>\n<tr>\n<td width=\"69\">12<\/td>\n<td width=\"217\">Electromagnetic Valve<\/td>\n<td width=\"213\">Zhejiang<\/td>\n<\/tr>\n<tr>\n<td width=\"69\">13<\/td>\n<td width=\"217\">Cylinder<\/td>\n<td width=\"213\">HUDA \u00a0Zhejiang<\/td>\n<\/tr>\n<tr>\n<td width=\"69\">14<\/td>\n<td width=\"217\">Temperature System<\/td>\n<td width=\"213\">Copper hot knife<\/td>\n<\/tr>\n<tr>\n<td width=\"69\">15<\/td>\n<td width=\"217\">Feeding type<\/td>\n<td width=\"213\">Manual type<\/td>\n<\/tr>\n<tr>\n<td width=\"69\">16<\/td>\n<td width=\"217\">Automatic feeding<\/td>\n<td width=\"213\">No<\/td>\n<\/tr>\n<tr>\n<td width=\"69\">17<\/td>\n<td width=\"217\">Automatic winding<\/td>\n<td width=\"213\">no<\/td>\n<\/tr>\n<tr>\n<td width=\"69\">18<\/td>\n<td width=\"217\">Sealing knife<\/td>\n<td width=\"213\">Cover with Press cloth<\/td>\n<\/tr>\n<tr>\n<td width=\"69\">19<\/td>\n<td width=\"217\">Conveyor belt<\/td>\n<td width=\"213\">Yes<\/td>\n<\/tr>\n<tr>\n<td width=\"69\">20<\/td>\n<td width=\"217\">Machine frame<\/td>\n<td width=\"213\">Iron plate<\/td>\n<\/tr>\n<\/tbody>\n<\/table>\n<p><strong><b> <img fetchpriority=\"high\" decoding=\"async\" class=\"alignnone wp-image-597 size-full\" src=\"http:\/\/rendat.com\/wp-content\/uploads\/2021\/07\/Screen-Shot-2021-07-29-at-4.24.17-PM.png\" alt=\"\" width=\"800\" height=\"734\" \/><\/b><\/strong><\/p>\n<div style=\"width: 272px;\" class=\"wp-video\"><!--[if lt IE 9]><script>document.createElement('video');<\/script><![endif]-->\n<video class=\"wp-video-shortcode\" id=\"video-596-1\" width=\"272\" height=\"480\" preload=\"metadata\" controls=\"controls\"><source type=\"video\/mp4\" src=\"http:\/\/rendat.com\/wp-content\/uploads\/2021\/07\/1627546171943754.mp4?_=1\" \/><a href=\"http:\/\/rendat.com\/wp-content\/uploads\/2021\/07\/1627546171943754.mp4\">http:\/\/rendat.com\/wp-content\/uploads\/2021\/07\/1627546171943754.mp4<\/a><\/video><\/div>\n","protected":false},"excerpt":{"rendered":"<p>Double Layer Four-line Bottom Sealing Bag Making Machine\u00a0 Model : RD&#8211;1000 PLCTouch screen Delta Inverter Conveyor \u00a05m \u00a0 SPECIFICATION: Width (mm):400\u00d74mm 900X2mm length (mm):1500mm Photocell: 1 Cutting Thickness (mm):0.009-0.10mm Bag Output (pcs\/min):5-120pcs\/min\u00d74 Main Power (kw):1.5kw Feeding Motor:300\u00d74w Power supply: 60HZ220V 10%-15% Weight (kg):1200kg Overall Dimensions (L\u00d7W\u00d7H)(mm): 2800\u00d71800\u00d71600 Accessories l\u00a01 \u2013use of tools \u00a0\u00a0\u00a0\u00a0\u00a0\u00a0\u00a0\u00a0\u00a0\u00a01 pc l\u00a05 [&hellip;]<\/p>\n","protected":false},"featured_media":1992,"comment_status":"open","ping_status":"closed","template":"","meta":{"_monsterinsights_skip_tracking":false,"_monsterinsights_sitenote_active":false,"_monsterinsights_sitenote_note":"","_monsterinsights_sitenote_category":0,"site-sidebar-layout":"default","site-content-layout":"","ast-site-content-layout":"","site-content-style":"default","site-sidebar-style":"default","ast-global-header-display":"","ast-banner-title-visibility":"","ast-main-header-display":"","ast-hfb-above-header-display":"","ast-hfb-below-header-display":"","ast-hfb-mobile-header-display":"","site-post-title":"","ast-breadcrumbs-content":"","ast-featured-img":"","footer-sml-layout":"","theme-transparent-header-meta":"","adv-header-id-meta":"","stick-header-meta":"","header-above-stick-meta":"","header-main-stick-meta":"","header-below-stick-meta":"","astra-migrate-meta-layouts":"default","ast-page-background-enabled":"default","ast-page-background-meta":{"desktop":{"background-color":"","background-image":"","background-repeat":"repeat","background-position":"center center","background-size":"auto","background-attachment":"scroll","background-type":"","background-media":"","overlay-type":"","overlay-color":"","overlay-gradient":""},"tablet":{"background-color":"","background-image":"","background-repeat":"repeat","background-position":"center center","background-size":"auto","background-attachment":"scroll","background-type":"","background-media":"","overlay-type":"","overlay-color":"","overlay-gradient":""},"mobile":{"background-color":"","background-image":"","background-repeat":"repeat","background-position":"center center","background-size":"auto","background-attachment":"scroll","background-type":"","background-media":"","overlay-type":"","overlay-color":"","overlay-gradient":""}},"ast-content-background-meta":{"desktop":{"background-color":"var(--ast-global-color-5)","background-image":"","background-repeat":"repeat","background-position":"center center","background-size":"auto","background-attachment":"scroll","background-type":"","background-media":"","overlay-type":"","overlay-color":"","overlay-gradient":""},"tablet":{"background-color":"var(--ast-global-color-5)","background-image":"","background-repeat":"repeat","background-position":"center center","background-size":"auto","background-attachment":"scroll","background-type":"","background-media":"","overlay-type":"","overlay-color":"","overlay-gradient":""},"mobile":{"background-color":"var(--ast-global-color-5)","background-image":"","background-repeat":"repeat","background-position":"center center","background-size":"auto","background-attachment":"scroll","background-type":"","background-media":"","overlay-type":"","overlay-color":"","overlay-gradient":""}}},"product_cat":[36],"product_tag":[],"aioseo_notices":[],"jetpack_sharing_enabled":true,"_links":{"self":[{"href":"https:\/\/rendatmc.com\/index.php\/wp-json\/wp\/v2\/product\/596"}],"collection":[{"href":"https:\/\/rendatmc.com\/index.php\/wp-json\/wp\/v2\/product"}],"about":[{"href":"https:\/\/rendatmc.com\/index.php\/wp-json\/wp\/v2\/types\/product"}],"replies":[{"embeddable":true,"href":"https:\/\/rendatmc.com\/index.php\/wp-json\/wp\/v2\/comments?post=596"}],"wp:featuredmedia":[{"embeddable":true,"href":"https:\/\/rendatmc.com\/index.php\/wp-json\/wp\/v2\/media\/1992"}],"wp:attachment":[{"href":"https:\/\/rendatmc.com\/index.php\/wp-json\/wp\/v2\/media?parent=596"}],"wp:term":[{"taxonomy":"product_cat","embeddable":true,"href":"https:\/\/rendatmc.com\/index.php\/wp-json\/wp\/v2\/product_cat?post=596"},{"taxonomy":"product_tag","embeddable":true,"href":"https:\/\/rendatmc.com\/index.php\/wp-json\/wp\/v2\/product_tag?post=596"}],"curies":[{"name":"wp","href":"https:\/\/api.w.org\/{rel}","templated":true}]}}